{"id":45,"date":"2024-12-27T00:15:21","date_gmt":"2024-12-26T23:15:21","guid":{"rendered":"https:\/\/kuschelzeit.petrabraun.life\/?page_id=45"},"modified":"2025-02-04T11:06:40","modified_gmt":"2025-02-04T10:06:40","slug":"home","status":"publish","type":"page","link":"https:\/\/kuschelzeit.petrabraun.life\/","title":{"rendered":"Kuschelzeit"},"content":{"rendered":"\t\t<div data-elementor-type=\"wp-page\" data-elementor-id=\"45\" class=\"elementor elementor-45\">\n\t\t\t\t<div class=\"elementor-element elementor-element-62de7f3 e-flex e-con-boxed e-con e-parent\" data-id=\"62de7f3\" data-element_type=\"container\">\n\t\t\t\t\t<div class=\"e-con-inner\">\n\t\t\t\t<div class=\"elementor-element elementor-element-82db87e elementor-widget elementor-widget-image\" data-id=\"82db87e\" data-element_type=\"widget\" data-widget_type=\"image.default\">\n\t\t\t\t<div class=\"elementor-widget-container\">\n\t\t\t\t\t\t\t\t\t\t\t\t\t\t\t<img fetchpriority=\"high\" decoding=\"async\" width=\"768\" height=\"262\" src=\"https:\/\/kuschelzeit.petrabraun.life\/wp-content\/uploads\/2024\/12\/Folie11-768x262.png\" class=\"attachment-medium_large size-medium_large wp-image-66\" alt=\"\" srcset=\"https:\/\/kuschelzeit.petrabraun.life\/wp-content\/uploads\/2024\/12\/Folie11-768x262.png 768w, https:\/\/kuschelzeit.petrabraun.life\/wp-content\/uploads\/2024\/12\/Folie11-300x102.png 300w, https:\/\/kuschelzeit.petrabraun.life\/wp-content\/uploads\/2024\/12\/Folie11-1024x349.png 1024w, https:\/\/kuschelzeit.petrabraun.life\/wp-content\/uploads\/2024\/12\/Folie11-1536x523.png 1536w, https:\/\/kuschelzeit.petrabraun.life\/wp-content\/uploads\/2024\/12\/Folie11-2048x698.png 2048w\" sizes=\"(max-width: 768px) 100vw, 768px\" \/>\t\t\t\t\t\t\t\t\t\t\t\t\t\t\t<\/div>\n\t\t\t\t<\/div>\n\t\t\t\t<div class=\"elementor-element elementor-element-c814201 elementor-widget elementor-widget-text-editor\" data-id=\"c814201\" data-element_type=\"widget\" data-widget_type=\"text-editor.default\">\n\t\t\t\t<div class=\"elementor-widget-container\">\n\t\t\t\t\t\t\t\t\t<p>Willkommen bei\u00a0Kuschel-Zeit<\/p>\n<p>Unsere Kuschelpartys sind ein Ort der Entspannung, an dem du loslassen und die heilende Wirkung liebevoller Ber\u00fchrungen und Umarmungen erfahren kannst. Es geht dabei nicht um sexuelle Aktivit\u00e4ten, sondern um das Bed\u00fcrfnis nach menschlicher Ber\u00fchrung, N\u00e4he und Geborgenheit. In gem\u00fctlicher Atmosph\u00e4re und in einer sicheren und respektvollen Umgebung treffen sich Gleichgesinnte, die sich gegenseitig die Gl\u00fcckshormonreserven auff\u00fcllen, dadurch Stress abbauen und nachweislich das Wohlgef\u00fchl steigern. Dabei gibt es keinen Kuschelzwang. Klare Regeln und die empathischen Anleitungen unserer Kuschelparty-Leiterin Petra sorgen f\u00fcr einen sicheren Rahmen, in dem du dich fallen lassen kannst.<\/p>\n<p>\u00a0<\/p>\n<p>Komm vorbei und entdecke die Magie des Kuschelns &#8211; wir laden dich herzlich ein, Teil unserer\u00a0Kuschel-Zeit\u00a0-Familie zu werden.<\/p>\t\t\t\t\t\t\t\t<\/div>\n\t\t\t\t<\/div>\n\t\t\t\t\t<\/div>\n\t\t\t\t<\/div>\n\t\t<div class=\"elementor-element elementor-element-2be13bb e-flex e-con-boxed e-con e-parent\" data-id=\"2be13bb\" data-element_type=\"container\">\n\t\t\t\t\t<div class=\"e-con-inner\">\n\t\t\t\t<div class=\"elementor-element elementor-element-5f59e2b elementor-widget elementor-widget-image\" data-id=\"5f59e2b\" data-element_type=\"widget\" data-widget_type=\"image.default\">\n\t\t\t\t<div class=\"elementor-widget-container\">\n\t\t\t\t\t\t\t\t\t\t\t\t\t\t\t<img decoding=\"async\" width=\"300\" height=\"102\" src=\"https:\/\/kuschelzeit.petrabraun.life\/wp-content\/uploads\/2024\/12\/Folie1-300x102.png\" class=\"attachment-medium size-medium wp-image-59\" alt=\"\" srcset=\"https:\/\/kuschelzeit.petrabraun.life\/wp-content\/uploads\/2024\/12\/Folie1-300x102.png 300w, https:\/\/kuschelzeit.petrabraun.life\/wp-content\/uploads\/2024\/12\/Folie1-1024x349.png 1024w, https:\/\/kuschelzeit.petrabraun.life\/wp-content\/uploads\/2024\/12\/Folie1-768x262.png 768w, https:\/\/kuschelzeit.petrabraun.life\/wp-content\/uploads\/2024\/12\/Folie1-1536x523.png 1536w, https:\/\/kuschelzeit.petrabraun.life\/wp-content\/uploads\/2024\/12\/Folie1-2048x698.png 2048w\" sizes=\"(max-width: 300px) 100vw, 300px\" \/>\t\t\t\t\t\t\t\t\t\t\t\t\t\t\t<\/div>\n\t\t\t\t<\/div>\n\t\t\t\t<div class=\"elementor-element elementor-element-91925dc elementor-widget elementor-widget-text-editor\" data-id=\"91925dc\" data-element_type=\"widget\" data-widget_type=\"text-editor.default\">\n\t\t\t\t<div class=\"elementor-widget-container\">\n\t\t\t\t\t\t\t\t\t<p>Unsere n\u00e4chsten Kuschelpartys finden in einer kleinen und gem\u00fctlichen Location in Oberhausen Sterkrade statt. Die genaue Adresse erh\u00e4lst Du nach finaler Anmeldung.\u00a0 Die Location bietet Platz f\u00fcr maximal 10 Personen, daher liegt die Pauschale bei 25,00\u20ac pro Person.<\/p><p><span style=\"color: var( --e-global-color-text ); font-family: var( --e-global-typography-text-font-family ), Sans-serif; font-weight: var( --e-global-typography-text-font-weight ); text-align: var(--text-align); font-size: 1rem;\">jeweils ab <strong>16:00<\/strong> in Oberhausen Sterkrade<br \/><\/span><\/p><p><strong>16.02.<\/strong><\/p><p><strong>23.03.<\/strong><\/p><p><strong>13.04.<\/strong><\/p><p><strong>18.05.<\/strong><\/p><p><strong>15.06.<\/strong><\/p>\t\t\t\t\t\t\t\t<\/div>\n\t\t\t\t<\/div>\n\t\t\t\t\t<\/div>\n\t\t\t\t<\/div>\n\t\t<div class=\"elementor-element elementor-element-3309571 e-flex e-con-boxed e-con e-parent\" data-id=\"3309571\" data-element_type=\"container\">\n\t\t\t\t\t<div class=\"e-con-inner\">\n\t\t\t\t<div class=\"elementor-element elementor-element-6bbd5ae elementor-widget elementor-widget-image\" data-id=\"6bbd5ae\" data-element_type=\"widget\" data-widget_type=\"image.default\">\n\t\t\t\t<div class=\"elementor-widget-container\">\n\t\t\t\t\t\t\t\t\t\t\t\t\t\t\t<img decoding=\"async\" width=\"300\" height=\"102\" src=\"https:\/\/kuschelzeit.petrabraun.life\/wp-content\/uploads\/2024\/12\/Folie2-300x102.png\" class=\"attachment-medium size-medium wp-image-60\" alt=\"\" srcset=\"https:\/\/kuschelzeit.petrabraun.life\/wp-content\/uploads\/2024\/12\/Folie2-300x102.png 300w, https:\/\/kuschelzeit.petrabraun.life\/wp-content\/uploads\/2024\/12\/Folie2-1024x349.png 1024w, https:\/\/kuschelzeit.petrabraun.life\/wp-content\/uploads\/2024\/12\/Folie2-768x262.png 768w, https:\/\/kuschelzeit.petrabraun.life\/wp-content\/uploads\/2024\/12\/Folie2-1536x523.png 1536w, https:\/\/kuschelzeit.petrabraun.life\/wp-content\/uploads\/2024\/12\/Folie2-2048x698.png 2048w\" sizes=\"(max-width: 300px) 100vw, 300px\" \/>\t\t\t\t\t\t\t\t\t\t\t\t\t\t\t<\/div>\n\t\t\t\t<\/div>\n\t\t\t\t<div class=\"elementor-element elementor-element-8ac571a elementor-widget elementor-widget-text-editor\" data-id=\"8ac571a\" data-element_type=\"widget\" data-widget_type=\"text-editor.default\">\n\t\t\t\t<div class=\"elementor-widget-container\">\n\t\t\t\t\t\t\t\t\t<p>Zur Anmeldung melde Dich bitte telefonisch oder per WhatsApp bei Petra unter 0157-35 39 02 49 oder schreibe eine eine Email an: kuschelzeit@petrabraun.life<\/p><p>Wenn Du Dich schriftlich anmeldest, sollte Deine Nachricht mindestens folgendes beinhalten:<\/p><p>Datum der Kuschelparty, Name, Vorname, Handynummer, Emailadresse<\/p>\t\t\t\t\t\t\t\t<\/div>\n\t\t\t\t<\/div>\n\t\t\t\t\t<\/div>\n\t\t\t\t<\/div>\n\t\t<div class=\"elementor-element elementor-element-af67dbd e-flex e-con-boxed e-con e-parent\" data-id=\"af67dbd\" data-element_type=\"container\">\n\t\t\t\t\t<div class=\"e-con-inner\">\n\t\t\t\t<div class=\"elementor-element elementor-element-1cc499a elementor-widget elementor-widget-image\" data-id=\"1cc499a\" data-element_type=\"widget\" data-widget_type=\"image.default\">\n\t\t\t\t<div class=\"elementor-widget-container\">\n\t\t\t\t\t\t\t\t\t\t\t\t\t\t\t<img loading=\"lazy\" decoding=\"async\" width=\"300\" height=\"102\" src=\"https:\/\/kuschelzeit.petrabraun.life\/wp-content\/uploads\/2024\/12\/Folie4-300x102.png\" class=\"attachment-medium size-medium wp-image-62\" alt=\"\" srcset=\"https:\/\/kuschelzeit.petrabraun.life\/wp-content\/uploads\/2024\/12\/Folie4-300x102.png 300w, https:\/\/kuschelzeit.petrabraun.life\/wp-content\/uploads\/2024\/12\/Folie4-1024x349.png 1024w, https:\/\/kuschelzeit.petrabraun.life\/wp-content\/uploads\/2024\/12\/Folie4-768x262.png 768w, https:\/\/kuschelzeit.petrabraun.life\/wp-content\/uploads\/2024\/12\/Folie4-1536x523.png 1536w, https:\/\/kuschelzeit.petrabraun.life\/wp-content\/uploads\/2024\/12\/Folie4-2048x698.png 2048w\" sizes=\"(max-width: 300px) 100vw, 300px\" \/>\t\t\t\t\t\t\t\t\t\t\t\t\t\t\t<\/div>\n\t\t\t\t<\/div>\n\t\t\t\t<div class=\"elementor-element elementor-element-b82aca1 elementor-widget elementor-widget-text-editor\" data-id=\"b82aca1\" data-element_type=\"widget\" data-widget_type=\"text-editor.default\">\n\t\t\t\t<div class=\"elementor-widget-container\">\n\t\t\t\t\t\t\t\t\t<p>Einlass ab 16.00 Uhr \u2013 Zeit zum Ankommen und Umziehen. Nimm Dir ein Wasser oder Tee und lerne die anderen Mitglieder der&nbsp;Kuschel-Zeit&nbsp;-Familie kennen.<\/p>\n<p>Um ca. 16.30 Uhr starten wir mit einer Begr\u00fc\u00dfungsrunde. Hier stellt sich jeder kurz vor und erz\u00e4hlt in max. 3 S\u00e4tzen wer er ist, welche Erfahrungen er oder sie schon auf Kuschelpartys gesammelt hat und was er sich vom heutigen Event w\u00fcnscht.<\/p>\n<p>Die Kuschelparty-Leiterin Petra erkl\u00e4rt den organisatorischen Ablauf sowie die Regeln und beantwortet Fragen.<\/p>\n<p>Dann starten wir mit Eisbrecher- &amp; Achtsamkeits\u00fcbungen um sich kennen zu lernen, Grenzen zu setzen und die erste N\u00e4he spielerisch zu erleben. Ggf. erfolgt eine Entspannungs\u00fcbung.<\/p>\n<p>Nach einer kurzen Pause geht es ins \u201cfreie Kuscheln\u201d. Hier kann unter Einhaltung der besprochenen Regeln und basierend auf dem gegenseitigen Einverst\u00e4ndnis frei zu zweit, dritt oder mehr gekuschelt werden. Jederzeit kann der Kuschelpartner gewechselt oder auch eine Pause im Teek\u00fcchenbereich gemacht werden.<\/p>\n<p>Es besteht zu keinerzeit ein Kuschelzwang.<\/p>\n<p>Nach einer erneuten 5min\u00fctigen Pause kommen alle zur Abschlussrunde zusammen. Wer m\u00f6chte teilt hier seine Erlebnisse, seinen Gef\u00fchlszustand und gibt Feedback.<\/p>\n<p>Die Kuschelparty-Leiterin Petra schlie\u00dft die Runde.<\/p>\n<p>Alle ziehen sich wieder um und treffen sich hoffentlich bald bei der n\u00e4chsten Kuschelparty von&nbsp;Kuschel-Zeit.<\/p>\t\t\t\t\t\t\t\t<\/div>\n\t\t\t\t<\/div>\n\t\t\t\t\t<\/div>\n\t\t\t\t<\/div>\n\t\t<div class=\"elementor-element elementor-element-8d938c8 e-flex e-con-boxed e-con e-parent\" data-id=\"8d938c8\" data-element_type=\"container\">\n\t\t\t\t\t<div class=\"e-con-inner\">\n\t\t\t\t<div class=\"elementor-element elementor-element-deea2f6 elementor-widget elementor-widget-image\" data-id=\"deea2f6\" data-element_type=\"widget\" data-widget_type=\"image.default\">\n\t\t\t\t<div class=\"elementor-widget-container\">\n\t\t\t\t\t\t\t\t\t\t\t\t\t\t\t<img loading=\"lazy\" decoding=\"async\" width=\"300\" height=\"102\" src=\"https:\/\/kuschelzeit.petrabraun.life\/wp-content\/uploads\/2024\/12\/Folie3-300x102.png\" class=\"attachment-medium size-medium wp-image-61\" alt=\"\" srcset=\"https:\/\/kuschelzeit.petrabraun.life\/wp-content\/uploads\/2024\/12\/Folie3-300x102.png 300w, https:\/\/kuschelzeit.petrabraun.life\/wp-content\/uploads\/2024\/12\/Folie3-1024x349.png 1024w, https:\/\/kuschelzeit.petrabraun.life\/wp-content\/uploads\/2024\/12\/Folie3-768x262.png 768w, https:\/\/kuschelzeit.petrabraun.life\/wp-content\/uploads\/2024\/12\/Folie3-1536x523.png 1536w, https:\/\/kuschelzeit.petrabraun.life\/wp-content\/uploads\/2024\/12\/Folie3-2048x698.png 2048w\" sizes=\"(max-width: 300px) 100vw, 300px\" \/>\t\t\t\t\t\t\t\t\t\t\t\t\t\t\t<\/div>\n\t\t\t\t<\/div>\n\t\t\t\t<div class=\"elementor-element elementor-element-39984ed elementor-widget elementor-widget-text-editor\" data-id=\"39984ed\" data-element_type=\"widget\" data-widget_type=\"text-editor.default\">\n\t\t\t\t<div class=\"elementor-widget-container\">\n\t\t\t\t\t\t\t\t\t<p>&#8211; Komm frisch geduscht zur Kuschelparty und wenn Du Deo, Parf\u00fcm oder Make-up benutzt, dann lieber dezent.<\/p>\n<p>&#8211; Bring frische und bequeme Kleidung mit und zieh Dich vor dem Start um \u2013 Stra\u00dfenklamotten lassen wir drau\u00dfen!\u00a0\ud83d\ude0a\u00a0Am besten tr\u00e4gst Du eine bequeme lange Hose, ein T-Shirt oder lang\u00e4rmliges Shirt und warme Socken. Bitte lass Kleidung mit Rei\u00dfverschluss, Kn\u00f6pfen oder \u00e4hnlichem zu Hause, das k\u00f6nnte beim Kuscheln st\u00f6ren.<\/p>\n<p>&#8211; Die Kleidung bleibt immer an, wir ber\u00fchren uns nur auf der Kleidung.<\/p>\n<p>&#8211; Kein K\u00fcssen und keine Ber\u00fchrungen im Intimbereich.<\/p>\n<p>&#8211; Falls Du oder Dein Kuschelpartner erregt werdet, nehmt bitte etwas Abstand, bis ihr wieder in Kuschelstimmung seid.<\/p>\n<p>&#8211; Es gibt keinen Kuschelzwang. Zieh Dich jederzeit zur\u00fcck, wechsel den Kuschelpartner oder entspanne im Teek\u00fcchenbereich, wenn Du magst.<\/p>\n<p>&#8211; Wir respektieren die Privatsph\u00e4re aller Teilnehmer. Wenn wir au\u00dferhalb \u00fcber unsere Erfahrungen reden, bleibt alles anonym.<\/p>\n<p>&#8211; Solltest Du Schwierigkeiten damit haben, Grenzen zu setzen, melde Dich bitte vor der Party telefonisch oder per WhatsApp bei mir. Ich kenne das und habe gelernt, f\u00fcr mich einzustehen. Das kannst Du auch! Ich unterst\u00fctze Dich gern vor Ort.<\/p>\n<p>&#8211; Die Teilnahme erfolgt auf eigenes Risiko und Verantwortung. Kuschelpartys sind zwar keine Therapie, aber sie k\u00f6nnen sehr heilsam sein. Bei besonderen Situationen sprich mich bitte im Voraus an.<\/p>\n<p>&#8211; Um alle gesund zu halten: Bitte besuche die Party nicht, wenn Du erk\u00e4ltet bist oder eine ansteckende Krankheit hast.<\/p>\n<p>&#8211; Bei Fragen oder Besonderheiten kontaktiere gerne Petra vor der Party.<\/p>\n<p>&#8211; Konsumenten von Drogen oder Alkohol geh\u00f6ren nicht auf unsere Kuschelparty.<\/p>\n<p>&#8211; Du musst mindestens 18 Jahre alt sein, um teilzunehmen.<\/p>\n<p>\u00a0<\/p>\n<p>Viel Spa\u00df und gute Entspannung beim Kuscheln!<\/p>\t\t\t\t\t\t\t\t<\/div>\n\t\t\t\t<\/div>\n\t\t\t\t\t<\/div>\n\t\t\t\t<\/div>\n\t\t<div class=\"elementor-element elementor-element-bf960b8 e-flex e-con-boxed e-con e-parent\" data-id=\"bf960b8\" data-element_type=\"container\">\n\t\t\t\t\t<div class=\"e-con-inner\">\n\t\t\t\t<div class=\"elementor-element elementor-element-ec45ee4 elementor-widget elementor-widget-image\" data-id=\"ec45ee4\" data-element_type=\"widget\" data-widget_type=\"image.default\">\n\t\t\t\t<div class=\"elementor-widget-container\">\n\t\t\t\t\t\t\t\t\t\t\t\t\t\t\t<img loading=\"lazy\" decoding=\"async\" width=\"300\" height=\"102\" src=\"https:\/\/kuschelzeit.petrabraun.life\/wp-content\/uploads\/2024\/12\/Folie5-300x102.png\" class=\"attachment-medium size-medium wp-image-63\" alt=\"\" srcset=\"https:\/\/kuschelzeit.petrabraun.life\/wp-content\/uploads\/2024\/12\/Folie5-300x102.png 300w, https:\/\/kuschelzeit.petrabraun.life\/wp-content\/uploads\/2024\/12\/Folie5-1024x349.png 1024w, https:\/\/kuschelzeit.petrabraun.life\/wp-content\/uploads\/2024\/12\/Folie5-768x262.png 768w, https:\/\/kuschelzeit.petrabraun.life\/wp-content\/uploads\/2024\/12\/Folie5-1536x523.png 1536w, https:\/\/kuschelzeit.petrabraun.life\/wp-content\/uploads\/2024\/12\/Folie5-2048x698.png 2048w\" sizes=\"(max-width: 300px) 100vw, 300px\" \/>\t\t\t\t\t\t\t\t\t\t\t\t\t\t\t<\/div>\n\t\t\t\t<\/div>\n\t\t\t\t<div class=\"elementor-element elementor-element-9b62979 elementor-widget elementor-widget-text-editor\" data-id=\"9b62979\" data-element_type=\"widget\" data-widget_type=\"text-editor.default\">\n\t\t\t\t<div class=\"elementor-widget-container\">\n\t\t\t\t\t\t\t\t\t<p>Hallo, mein Name ist Petra, ich bin 39 Jahre jung und kuschle f\u00fcr mein Leben gern.<\/p>\n<p>Beruflich habe ich einen gro\u00dfen Umweg gemacht, denn als ich 15 Jahre alt war sagte mein Vater: \u201cEs reicht wenn einer im Blaumann heim kommt, Du gehst ins B\u00fcro!\u201d \u2013 Ein Jahr sp\u00e4ter ist mein Vater gestorben und so klang dieser Satz noch lange nach und beeinflu\u00dfte meinen beruflichen Weg \u00fcber 20 Jahre. Nachdem ich lange das Leben gelebt habe, dass mein Vater sich f\u00fcr mich gew\u00fcnscht hat, habe ich durch zahlreiche Coachings und Seminare \u201cmeine Kindheit in Ordnung gebracht\u201d und bin heute Life-Mentorin, K\u00fcnstlerin und Kuscheltherapeutin. In dieser chaotischen, reiz\u00fcberfluteten und gleichzeitig distanzierten Welt ist es mir mit meiner hohen Empathie ein Anliegen, mit den Kuschelpartys einen Ort der Ruhe und Geborgenheit zu schaffen. Eine Energietankstelle und ein kleiner Urlaub vom Alltag.<\/p>\n<p>Kraft tanke ich im Wald, auf der Hunderunde, in den Armen meines Partners Fabian und auf den Kuschelpartys. Menschen zusammen zu bringen und Ihnen eine gute Zeit zu erm\u00f6glichen erf\u00fcllt mich.<\/p>\n<p>Ich freue mich sehr, Dich bald kennen zu lernen.<\/p>\n<p>F\u00fchl Dich herzlich umarmt<\/p>\n<p>Petra<\/p><p><br><\/p>\n<p>Kontakt:<\/p>\n<p>Petra Braun<\/p>\n<p>0157-35 39 02 49<\/p>\n<p>kuschelzeit@petrabraun.life<\/p><p>Hauptstr. 38, 55569 Nu\u00dfbaum<\/p>\t\t\t\t\t\t\t\t<\/div>\n\t\t\t\t<\/div>\n\t\t\t\t\t<\/div>\n\t\t\t\t<\/div>\n\t\t\t\t<\/div>\n\t\t","protected":false},"excerpt":{"rendered":"<p>Willkommen bei\u00a0Kuschel-Zeit Unsere Kuschelpartys sind ein Ort der Entspannung, an dem du loslassen und die heilende Wirkung liebevoller Ber\u00fchrungen und Umarmungen erfahren kannst. Es geht dabei nicht um sexuelle Aktivit\u00e4ten, sondern um das Bed\u00fcrfnis nach menschlicher Ber\u00fchrung, N\u00e4he und Geborgenheit. In gem\u00fctlicher Atmosph\u00e4re und in einer sicheren und respektvollen Umgebung treffen sich Gleichgesinnte, die sich [&hellip;]<\/p>\n","protected":false},"author":1,"featured_media":0,"parent":0,"menu_order":0,"comment_status":"closed","ping_status":"closed","template":"","meta":{"footnotes":""},"class_list":["post-45","page","type-page","status-publish","hentry"],"_links":{"self":[{"href":"https:\/\/kuschelzeit.petrabraun.life\/index.php\/wp-json\/wp\/v2\/pages\/45","targetHints":{"allow":["GET"]}}],"collection":[{"href":"https:\/\/kuschelzeit.petrabraun.life\/index.php\/wp-json\/wp\/v2\/pages"}],"about":[{"href":"https:\/\/kuschelzeit.petrabraun.life\/index.php\/wp-json\/wp\/v2\/types\/page"}],"author":[{"embeddable":true,"href":"https:\/\/kuschelzeit.petrabraun.life\/index.php\/wp-json\/wp\/v2\/users\/1"}],"replies":[{"embeddable":true,"href":"https:\/\/kuschelzeit.petrabraun.life\/index.php\/wp-json\/wp\/v2\/comments?post=45"}],"version-history":[{"count":30,"href":"https:\/\/kuschelzeit.petrabraun.life\/index.php\/wp-json\/wp\/v2\/pages\/45\/revisions"}],"predecessor-version":[{"id":89,"href":"https:\/\/kuschelzeit.petrabraun.life\/index.php\/wp-json\/wp\/v2\/pages\/45\/revisions\/89"}],"wp:attachment":[{"href":"https:\/\/kuschelzeit.petrabraun.life\/index.php\/wp-json\/wp\/v2\/media?parent=45"}],"curies":[{"name":"wp","href":"https:\/\/api.w.org\/{rel}","templated":true}]}}